{"id":13,"date":"2025-01-10T17:04:54","date_gmt":"2025-01-10T16:04:54","guid":{"rendered":"https:\/\/draven-corp.fr\/?page_id=13"},"modified":"2025-01-10T17:04:54","modified_gmt":"2025-01-10T16:04:54","slug":"services","status":"publish","type":"page","link":"https:\/\/draven-corp.fr\/?page_id=13","title":{"rendered":"Services"},"content":{"rendered":"\n<div class=\"section-wrapper\" data-id=\"tgUwSH\"><section class=\"wp-block-gutenverse-section guten-element guten-section guten-tgUwSH layout-boxed align-stretch\"><div class=\"guten-container guten-column-gap-no\">\n<div class=\"wp-block-gutenverse-column guten-element guten-column guten-s58yaw\"><div class=\"guten-column-wrapper\" data-id=\"s58yaw\">\n<div class=\"wp-block-gutenverse-image guten-element guten-image guten-Bhxnf6\"><a class=\"guten-image-wrapper\" href=\"\/\"><img loading=\"lazy\" decoding=\"async\" class=\"gutenverse-image-box-filled\" src=\"https:\/\/draven-corp.fr\/wp-content\/uploads\/2025\/05\/logo-rogner-1.png\" height=\"137\" width=\"354\"\/><\/a><\/div>\n\n\n<div id=\"guten-iPvAZg\" class=\"guten-element guten-nav-menu nav-menu break-point-tablet submenu-click-title \" data-item-indicator=\"gtn gtn-chevron-down-light\" data-close-on-click=\"1\">\n\t\t\t<div class=\"gutenverse-hamburger-wrapper\">\n\t\t\t\t<button class=\"gutenverse-hamburger-menu\">\n\t\t\t\t\t<i aria-hidden=\"true\" class=\"gtn gtn-bars-solid\"><\/i>\n\t\t\t\t<\/button>\n\t\t\t<\/div>\n\t\t\t\n\t\t\t<div class=\"gutenverse-menu-wrapper\"><div class=\"gutenverse-menu-container\"><ul id=\"menu-menu-1\" class=\"gutenverse-menu\"><li id=\"menu-item-95\" class=\"menu-item menu-item-type-post_type menu-item-object-page menu-item-home menu-item-95\"><a href=\"javascript:void(0);\" data-href=\"https:\/\/draven-corp.fr\/\">Accueil<\/a><\/li>\n<li id=\"menu-item-96\" class=\"menu-item menu-item-type-post_type menu-item-object-page menu-item-96\"><a href=\"javascript:void(0);\" data-href=\"https:\/\/draven-corp.fr\/?page_id=12\">\u00c0 propos<\/a><\/li>\n<li id=\"menu-item-97\" class=\"menu-item menu-item-type-post_type menu-item-object-page menu-item-97\"><a href=\"javascript:void(0);\" data-href=\"https:\/\/draven-corp.fr\/?page_id=14\">Contact<\/a><\/li>\n<li id=\"menu-item-98\" class=\"menu-item menu-item-type-post_type menu-item-object-page menu-item-98\"><a href=\"javascript:void(0);\" data-href=\"https:\/\/draven-corp.fr\/?page_id=13\">Services<\/a><\/li>\n<\/ul><\/div>\n\t\t\t\t<div>\n\t\t\t\t\t<div class=\"gutenverse-nav-identity-panel\">\n\t\t\t\t\t\t<div class=\"gutenverse-nav-site-title\">\n\t\t\t\t\t\t\t<a href=\"https:\/\/draven-corp.fr\" class=\"gutenverse-nav-logo\"><img decoding=\"async\" src=\"https:\/\/draven-corp.fr\/wp-content\/themes\/pirus\/assets\/img\/white-logo-pirus.png\" alt=\"Draven-Corp - \"><\/a>\n\t\t\t\t\t\t<\/div>\n\t\t\t\t\t\t<button class=\"gutenverse-close-menu\"><i aria-hidden=\"true\" class=\"fas fa-times\"><\/i><\/button>\n\t\t\t\t\t<\/div>\n\t\t\t\t<\/div>\n\t\t\t<\/div>\n\t\t<\/div>\n\n\n<div class=\"guten-element guten-button-wrapper guten-7f3nao hide-tablet hide-mobile\"><a class=\"guten-button guten-button-sm\" href=\"https:\/\/forms.gle\/ycxrT23K1cm7rGKm8\"><span>Demander un devis<\/span><\/a><\/div>\n<\/div><\/div>\n<\/div><\/section><\/div>\n\n\n\n<div class=\"section-wrapper\" data-id=\"cyO4QA\"><section class=\"wp-block-gutenverse-section guten-element guten-section guten-cyO4QA layout-boxed align-stretch\"><div class=\"guten-background-overlay\"><\/div><div class=\"guten-container guten-column-gap-no\">\n<div class=\"wp-block-gutenverse-column guten-element guten-column guten-jevyRI\"><div class=\"guten-column-wrapper\" data-id=\"jevyRI\">\n<div class=\"guten-element guten-wrap-helper no-margin guten-OxOo4D\"><div class=\"guten-inner-wrap\" data-id=\"OxOo4D\">\n<h1 class=\"wp-block-gutenverse-heading guten-element guten-WkRyWu animated guten-element-hide desktop-fadeIn\">Services<\/h1>\n<\/div><\/div>\n<\/div><\/div>\n<\/div><\/section><\/div>\n\n\n\n<div class=\"section-wrapper\" data-id=\"vEfSMV\"><section class=\"wp-block-gutenverse-section guten-element guten-section guten-vEfSMV layout-boxed align-stretch\"><div class=\"guten-container guten-column-gap-no\">\n<div class=\"wp-block-gutenverse-column guten-element guten-column guten-s2W8pd\"><div class=\"guten-column-wrapper\" data-id=\"s2W8pd\">\n<div class=\"guten-element guten-wrap-helper no-margin guten-3ouXIo\"><div class=\"guten-inner-wrap\" data-id=\"3ouXIo\">\n<div class=\"guten-element guten-wrap-helper no-margin guten-NMZK2J animated guten-element-hide desktop-fadeIn flex\"><div class=\"guten-inner-wrap\" data-id=\"NMZK2J\">\n<div class=\"guten-element guten-NZjdYF guten-icon-box icon-position-top\"><div class=\"guten-icon-box-wrapper hover-from-left\"><div class=\"icon-box icon-box-header\"><div class=\"icon style-color\"><i class=\"gtn gtn-design-light\"><\/i><\/div><\/div><div class=\"icon-box icon-box-body\"><h3 class=\"title\">Web Design<\/h3><p class=\"icon-box-description\">Lorem ipsum dolor sit amet consecte adipiscing elit sed eiusmod tempor.<\/p>\n<div class=\"guten-element guten-button-wrapper guten-jqmilZ\"><a class=\"guten-button guten-button-sm\" href=\"#\"><span>View Details<\/span><i class=\"fa-lg gtn gtn-arrow-right-light\"><\/i><\/a><\/div>\n<\/div><\/div><\/div>\n<\/div><\/div>\n\n\n\n<div class=\"guten-element guten-wrap-helper no-margin guten-91MRIr animated guten-element-hide desktop-fadeIn flex\"><div class=\"guten-inner-wrap\" data-id=\"91MRIr\">\n<div class=\"guten-element guten-vxL57r guten-icon-box icon-position-top\"><div class=\"guten-icon-box-wrapper hover-from-left\"><div class=\"icon-box icon-box-header\"><div class=\"icon style-color\"><i class=\"gtn gtn-Design-3-light\"><\/i><\/div><\/div><div class=\"icon-box icon-box-body\"><h3 class=\"title\">Branding Design<\/h3><p class=\"icon-box-description\">Lorem ipsum dolor sit amet consecte adipiscing elit sed eiusmod tempor.<\/p>\n<div class=\"guten-element guten-button-wrapper guten-84LUdw\"><a class=\"guten-button guten-button-sm\" href=\"#\"><span>View Details<\/span><i class=\"fa-lg gtn gtn-arrow-right-light\"><\/i><\/a><\/div>\n<\/div><\/div><\/div>\n<\/div><\/div>\n\n\n\n<div class=\"guten-element guten-wrap-helper no-margin guten-suCXI6 animated guten-element-hide desktop-fadeIn flex\"><div class=\"guten-inner-wrap\" data-id=\"suCXI6\">\n<div class=\"guten-element guten-wyNJ3V guten-icon-box icon-position-top\"><div class=\"guten-icon-box-wrapper hover-from-left\"><div class=\"icon-box icon-box-header\"><div class=\"icon style-color\"><i class=\"gtn gtn-Computer-light\"><\/i><\/div><\/div><div class=\"icon-box icon-box-body\"><h3 class=\"title\">Web Development<\/h3><p class=\"icon-box-description\">Lorem ipsum dolor sit amet consecte adipiscing elit sed eiusmod tempor.<\/p>\n<div class=\"guten-element guten-button-wrapper guten-w9MUA3\"><a class=\"guten-button guten-button-sm\" href=\"#\"><span>View Details<\/span><i class=\"fa-lg gtn gtn-arrow-right-light\"><\/i><\/a><\/div>\n<\/div><\/div><\/div>\n<\/div><\/div>\n\n\n\n<div class=\"guten-element guten-wrap-helper no-margin guten-vJXKQ7 animated guten-element-hide desktop-fadeIn flex\"><div class=\"guten-inner-wrap\" data-id=\"vJXKQ7\">\n<div class=\"guten-element guten-7iwrFQ guten-icon-box icon-position-top\"><div class=\"guten-icon-box-wrapper hover-from-left\"><div class=\"icon-box icon-box-header\"><div class=\"icon style-color\"><i class=\"gtn gtn-Document-Search-light\"><\/i><\/div><\/div><div class=\"icon-box icon-box-body\"><h3 class=\"title\">Content Strategy<\/h3><p class=\"icon-box-description\">Lorem ipsum dolor sit amet consecte adipiscing elit sed eiusmod tempor.<\/p>\n<div class=\"guten-element guten-button-wrapper guten-sL36oC\"><a class=\"guten-button guten-button-sm\" href=\"#\"><span>View Details<\/span><i class=\"fa-lg gtn gtn-arrow-right-light\"><\/i><\/a><\/div>\n<\/div><\/div><\/div>\n<\/div><\/div>\n\n\n\n<div class=\"guten-element guten-wrap-helper no-margin guten-aeh00o animated guten-element-hide desktop-fadeIn flex\"><div class=\"guten-inner-wrap\" data-id=\"aeh00o\">\n<div class=\"guten-element guten-tN1TuM guten-icon-box icon-position-top\"><div class=\"guten-icon-box-wrapper hover-from-left\"><div class=\"icon-box icon-box-header\"><div class=\"icon style-color\"><i class=\"gtn gtn-money-light\"><\/i><\/div><\/div><div class=\"icon-box icon-box-body\"><h3 class=\"title\">Digital Marketing<\/h3><p class=\"icon-box-description\">Lorem ipsum dolor sit amet consecte adipiscing elit sed eiusmod tempor.<\/p>\n<div class=\"guten-element guten-button-wrapper guten-Sdp1Oq\"><a class=\"guten-button guten-button-sm\" href=\"#\"><span>View Details<\/span><i class=\"fa-lg gtn gtn-arrow-right-light\"><\/i><\/a><\/div>\n<\/div><\/div><\/div>\n<\/div><\/div>\n\n\n\n<div class=\"guten-element guten-wrap-helper no-margin guten-rfUxCy animated guten-element-hide desktop-fadeIn flex\"><div class=\"guten-inner-wrap\" data-id=\"rfUxCy\">\n<div class=\"guten-element guten-SqYsX4 guten-icon-box icon-position-top\"><div class=\"guten-icon-box-wrapper hover-from-left\"><div class=\"icon-box icon-box-header\"><div class=\"icon style-color\"><i class=\"gtn gtn-share2-light\"><\/i><\/div><\/div><div class=\"icon-box icon-box-body\"><h3 class=\"title\">Social Advertising<\/h3><p class=\"icon-box-description\">Lorem ipsum dolor sit amet consecte adipiscing elit sed eiusmod tempor.<\/p>\n<div class=\"guten-element guten-button-wrapper guten-zSzH4f\"><a class=\"guten-button guten-button-sm\" href=\"#\"><span>View Details<\/span><i class=\"fa-lg gtn gtn-arrow-right-light\"><\/i><\/a><\/div>\n<\/div><\/div><\/div>\n<\/div><\/div>\n<\/div><\/div>\n<\/div><\/div>\n<\/div><\/section><\/div>\n\n\n\n<div class=\"section-wrapper\" data-id=\"eSEVDA\"><section class=\"wp-block-gutenverse-section guten-element guten-section guten-eSEVDA layout-boxed align-stretch\"><div class=\"guten-background-overlay\"><\/div><div class=\"guten-container guten-column-gap-no\">\n<div class=\"wp-block-gutenverse-column guten-element guten-column guten-R0KBYw\"><div class=\"guten-column-wrapper\" data-id=\"R0KBYw\">\n<div class=\"guten-element guten-wrap-helper no-margin guten-cC5fQP\"><div class=\"guten-inner-wrap\" data-id=\"cC5fQP\">\n<h2 class=\"wp-block-gutenverse-heading guten-element guten-dj6V3J\">Wanna See Our Latest Works?<\/h2>\n\n\n\n<div class=\"guten-element gutenverse-text-editor guten-JQgL3V\"><div class=\"text-content-inner\">\n<p>Consectetur adipiscing elit sed do eiusmod tempor incididunt ut labore et dolore magna aliqua. Ut enim ad minim veniam quis nostrud exercitation<\/p>\n<\/div><\/div>\n\n\n\n<div class=\"guten-element guten-button-wrapper guten-aDqsmI\"><a class=\"guten-button animated guten-element-hide desktop-fadeInUp guten-button-sm\" href=\"#\"><span>All Projects<\/span><\/a><\/div>\n<\/div><\/div>\n<\/div><\/div>\n<\/div><\/section><\/div>\n\n\n\n<div class=\"section-wrapper\" data-id=\"mk826k\"><section class=\"wp-block-gutenverse-section guten-element guten-section guten-mk826k layout-boxed align-stretch\"><div class=\"guten-container guten-column-gap-no\">\n<div class=\"wp-block-gutenverse-column guten-element guten-column guten-eCTFia\"><div class=\"guten-column-wrapper\" data-id=\"eCTFia\">\n<div class=\"guten-element guten-wrap-helper no-margin guten-xkB3Uy\"><div class=\"guten-inner-wrap\" data-id=\"xkB3Uy\">\n<h2 class=\"wp-block-gutenverse-heading guten-element guten-yJa0w4\">Discover Range of Our Expertise<\/h2>\n\n\n\n<div class=\"guten-element gutenverse-text-editor guten-didPqc\"><div class=\"text-content-inner\">\n<p>Lorem ipsum dolor sit amet consectetur adipiscing elit. Cras id arcu luctus pellentesque lorem ac pharetra sapien. Donec elementum, tortor vel viverra ultrices lacus orci venenatis tortor vel rhoncus ipsum felis a diam.<\/p>\n<\/div><\/div>\n<\/div><\/div>\n<\/div><\/div>\n\n\n\n<div class=\"wp-block-gutenverse-column guten-element guten-column guten-xeNfiJ\"><div class=\"guten-column-wrapper\" data-id=\"xeNfiJ\">\n<div class=\"guten-element guten-wrap-helper no-margin guten-9yFk9T\"><div class=\"guten-inner-wrap\" data-id=\"9yFk9T\">\n<div class=\"guten-element guten-progress-bar guten-0emq3R\"><div class=\"progress-group\"><div class=\"progress-skill-bar\"><div class=\"skill-bar-content\"><span class=\"skill-title\">Web Design<\/span><\/div><div class=\"skill-bar\"><div class=\"skill-track\" data-width=\"88\" data-duration=\"3500\"><div class=\"number-percentage-wrapper\"><span class=\"number-percentage loaded\"><\/span><\/div><\/div><\/div><\/div><\/div><\/div>\n\n\n\n<div class=\"guten-element guten-progress-bar guten-izSDIE\"><div class=\"progress-group\"><div class=\"progress-skill-bar\"><div class=\"skill-bar-content\"><span class=\"skill-title\"> Branding Design<\/span><\/div><div class=\"skill-bar\"><div class=\"skill-track\" data-width=\"90\" data-duration=\"3500\"><div class=\"number-percentage-wrapper\"><span class=\"number-percentage loaded\"><\/span><\/div><\/div><\/div><\/div><\/div><\/div>\n\n\n\n<div class=\"guten-element guten-progress-bar guten-yKdKtx\"><div class=\"progress-group\"><div class=\"progress-skill-bar\"><div class=\"skill-bar-content\"><span class=\"skill-title\">Web Development<\/span><\/div><div class=\"skill-bar\"><div class=\"skill-track\" data-width=\"85\" data-duration=\"3500\"><div class=\"number-percentage-wrapper\"><span class=\"number-percentage loaded\"><\/span><\/div><\/div><\/div><\/div><\/div><\/div>\n\n\n\n<div class=\"guten-element guten-progress-bar guten-MeY3vh\"><div class=\"progress-group\"><div class=\"progress-skill-bar\"><div class=\"skill-bar-content\"><span class=\"skill-title\">Digital Marketing<\/span><\/div><div class=\"skill-bar\"><div class=\"skill-track\" data-width=\"87\" data-duration=\"3500\"><div class=\"number-percentage-wrapper\"><span class=\"number-percentage loaded\"><\/span><\/div><\/div><\/div><\/div><\/div><\/div>\n<\/div><\/div>\n<\/div><\/div>\n<\/div><\/section><\/div>\n\n\n\n<div class=\"section-wrapper\" data-id=\"sYCWOY\"><section class=\"wp-block-gutenverse-section guten-element guten-section guten-sYCWOY layout-fullwidth align-stretch\"><div class=\"guten-container guten-column-gap-no\">\n<div class=\"wp-block-gutenverse-column guten-element guten-column guten-aoFZ0V\"><div class=\"guten-column-wrapper\" data-id=\"aoFZ0V\">\n<div class=\"guten-element guten-wrap-helper no-margin guten-bIuRCO flex\"><div class=\"guten-background-overlay\"><\/div><div class=\"guten-inner-wrap\" data-id=\"bIuRCO\">\n<div class=\"guten-element guten-wrap-helper no-margin guten-vcCyml flex\"><div class=\"guten-inner-wrap\" data-id=\"vcCyml\">\n<h2 class=\"wp-block-gutenverse-heading guten-element guten-E3XH46 animated guten-element-hide desktop-fadeIn\">Ensemble, donnons vie \u00e0 vos id\u00e9es.<\/h2>\n\n\n\n<div class=\"guten-element gutenverse-text-editor guten-CzsyAx animated guten-element-hide desktop-fadeIn\"><div class=\"text-content-inner\">\n<p>Nous transformons vos ambitions en solutions digitales concr\u00e8tes, performantes et \u00e0 votre image. Pr\u00eat \u00e0 faire passer votre projet au niveau sup\u00e9rieur\u202f?<\/p>\n<\/div><\/div>\n\n\n\n<div class=\"guten-element guten-button-wrapper guten-ku2XFi\"><a class=\"guten-button animated guten-element-hide desktop-fadeIn guten-button-sm\" href=\"https:\/\/forms.gle\/3hbw3uF6qXzXgN3f6\"><span>Demander un devis<\/span><\/a><\/div>\n<\/div><\/div>\n<\/div><\/div>\n<\/div><\/div>\n<\/div><\/section><\/div>\n\n\n\n<div class=\"section-wrapper\" data-id=\"g5fbnX\"><section class=\"wp-block-gutenverse-section guten-element guten-section guten-g5fbnX layout-boxed align-stretch\"><div class=\"guten-container guten-column-gap-no\">\n<div class=\"wp-block-gutenverse-column guten-element guten-column guten-Sx5X2q\"><div class=\"guten-column-wrapper\" data-id=\"Sx5X2q\">\n<div class=\"guten-element guten-wrap-helper no-margin guten-dRjGXZ\"><div class=\"guten-inner-wrap\" data-id=\"dRjGXZ\">\n<div class=\"wp-block-gutenverse-image guten-element guten-image guten-7Z6f6j\"><div class=\"guten-image-wrapper\"><img loading=\"lazy\" decoding=\"async\" class=\"gutenverse-image-box-filled\" src=\"https:\/\/draven-corp.fr\/wp-content\/uploads\/2025\/05\/logo-rogner-1.png\" height=\"137\" width=\"354\"\/><\/div><\/div>\n\n\n\n<div class=\"guten-element gutenverse-text-editor guten-nj6JH3\"><div class=\"text-content-inner\">\n<p>Bien plus qu&rsquo;une simple Agence<\/p>\n<\/div><\/div>\n<\/div><\/div>\n<\/div><\/div>\n\n\n\n<div class=\"wp-block-gutenverse-column guten-element guten-column guten-1whmwJ\"><div class=\"guten-column-wrapper\" data-id=\"1whmwJ\">\n<div class=\"guten-element guten-wrap-helper no-margin guten-hnA0gT\"><div class=\"guten-inner-wrap\" data-id=\"hnA0gT\">\n<h4 class=\"wp-block-gutenverse-heading guten-element guten-zY2CK6\">Contactez-nous<\/h4>\n\n\n\n<div class=\"guten-element guten-icon-list guten-tXqB2p\"><div class=\" list-wrapper \">\n<div class=\"guten-element guten-icon-list-item guten-YB3W7f\"><div class=\"list-divider\"><\/div><a id=\"guten-YB3W7f\" href=\"#\"><i class=\"gtn gtn-phone-line\"><\/i><span class=\"list-text \">06 19 65 15 19\u200b<\/span><\/a><\/div>\n\n\n\n<div class=\"guten-element guten-icon-list-item guten-mRg87P\"><div class=\"list-divider\"><\/div><a id=\"guten-mRg87P\" href=\"#\"><i class=\"gtn gtn-mail-light\"><\/i><span class=\"list-text \">contact@draven-corp.fr<\/span><\/a><\/div>\n\n\n\n<div class=\"guten-element guten-icon-list-item guten-4UXjpd\"><div class=\"list-divider\"><\/div><a id=\"guten-4UXjpd\" href=\"#\"><i class=\"gtn gtn-map-pin-line\"><\/i><span class=\"list-text \">Argenteuil, 95018<\/span><\/a><\/div>\n\n\n\n<div class=\"guten-element guten-icon-list-item guten-VEAF5k\"><div class=\"list-divider\"><\/div><a id=\"guten-VEAF5k\" href=\"#\"><i class=\"gtn gtn-calendar-light\"><\/i><span class=\"list-text \">24h\/24 7j\/7<\/span><\/a><\/div>\n<\/div><\/div>\n<\/div><\/div>\n<\/div><\/div>\n\n\n\n<div class=\"wp-block-gutenverse-column guten-element guten-column guten-a99Yhy\"><div class=\"guten-column-wrapper\" data-id=\"a99Yhy\">\n<div class=\"guten-element guten-wrap-helper no-margin guten-pRAQK2\"><div class=\"guten-inner-wrap\" data-id=\"pRAQK2\">\n<h4 class=\"wp-block-gutenverse-heading guten-element guten-XZSUMx\">Our Services<\/h4>\n\n\n\n<div class=\"guten-element guten-icon-list guten-Y3ewzm\"><div class=\" list-wrapper \">\n<div class=\"guten-element guten-icon-list-item guten-KBp3NC\"><div class=\"list-divider\"><\/div><a id=\"guten-KBp3NC\" href=\"#\"><span class=\"list-text no-icon\">Web Design<\/span><\/a><\/div>\n\n\n\n<div class=\"guten-element guten-icon-list-item guten-GTbiaz\"><div class=\"list-divider\"><\/div><a id=\"guten-GTbiaz\" href=\"#\"><span class=\"list-text no-icon\">Branding Design<\/span><\/a><\/div>\n\n\n\n<div class=\"guten-element guten-icon-list-item guten-N6k8As\"><div class=\"list-divider\"><\/div><a id=\"guten-N6k8As\" href=\"#\"><span class=\"list-text no-icon\">Digital Marketing<\/span><\/a><\/div>\n\n\n\n<div class=\"guten-element guten-icon-list-item guten-jdJ67e\"><div class=\"list-divider\"><\/div><a id=\"guten-jdJ67e\" href=\"#\"><span class=\"list-text no-icon\">Social Advertising<\/span><\/a><\/div>\n<\/div><\/div>\n<\/div><\/div>\n<\/div><\/div>\n\n\n\n<div class=\"wp-block-gutenverse-column guten-element guten-column guten-xdjwHy\"><div class=\"guten-column-wrapper\" data-id=\"xdjwHy\">\n<div class=\"guten-element guten-wrap-helper no-margin guten-RULEnM\"><div class=\"guten-inner-wrap\" data-id=\"RULEnM\">\n<h4 class=\"wp-block-gutenverse-heading guten-element guten-fJSHqK\">Quick Links<\/h4>\n\n\n\n<div class=\"guten-element guten-icon-list guten-tkhetc\"><div class=\" list-wrapper \">\n<div class=\"guten-element guten-icon-list-item guten-gdiOeq\"><div class=\"list-divider\"><\/div><a id=\"guten-gdiOeq\" href=\"#\"><span class=\"list-text no-icon\">About<\/span><\/a><\/div>\n\n\n\n<div class=\"guten-element guten-icon-list-item guten-tshgdL\"><div class=\"list-divider\"><\/div><a id=\"guten-tshgdL\" href=\"#\"><span class=\"list-text no-icon\">Projects<\/span><\/a><\/div>\n\n\n\n<div class=\"guten-element guten-icon-list-item guten-P2hkf2\"><div class=\"list-divider\"><\/div><a id=\"guten-P2hkf2\" href=\"#\"><span class=\"list-text no-icon\">Contact<\/span><\/a><\/div>\n\n\n\n<div class=\"guten-element guten-icon-list-item guten-ccGYky\"><div class=\"list-divider\"><\/div><a id=\"guten-ccGYky\" href=\"#\"><span class=\"list-text no-icon\">Services<\/span><\/a><\/div>\n<\/div><\/div>\n<\/div><\/div>\n<\/div><\/div>\n<\/div><\/section><\/div>\n\n\n\n<div class=\"section-wrapper\" data-id=\"AvnHM8\"><section class=\"wp-block-gutenverse-section guten-element guten-section guten-AvnHM8 layout-boxed align-stretch\"><div class=\"guten-container guten-column-gap-no\">\n<div class=\"wp-block-gutenverse-column guten-element guten-column guten-HpH9DJ\"><div class=\"guten-column-wrapper\" data-id=\"HpH9DJ\">\n<div class=\"section-wrapper\" data-id=\"rvmJgb\"><section class=\"wp-block-gutenverse-section guten-element guten-section guten-rvmJgb layout-fullwidth align-stretch\"><div class=\"guten-container guten-column-gap-no\">\n<div class=\"wp-block-gutenverse-column guten-element guten-column guten-xg1KcM\"><div class=\"guten-column-wrapper\" data-id=\"xg1KcM\">\n<div class=\"guten-element guten-icon-list guten-e1wkZA\"><div class=\" list-wrapper inline-icon-list\">\n<div class=\"guten-element guten-icon-list-item guten-sEM06W\"><div class=\"list-divider\"><\/div><a id=\"guten-sEM06W\" href=\"#\"><span class=\"list-text no-icon\">Privacy Policy<\/span><\/a><\/div>\n\n\n\n<div class=\"guten-element guten-icon-list-item guten-qAWBRL\"><div class=\"list-divider\"><\/div><a id=\"guten-qAWBRL\" href=\"#\"><span class=\"list-text no-icon\">Terms Of Use<\/span><\/a><\/div>\n\n\n\n<div class=\"guten-element guten-icon-list-item guten-Ahiubb\"><div class=\"list-divider\"><\/div><a id=\"guten-Ahiubb\" href=\"#\"><span class=\"list-text no-icon\">Copyright \u00a9 2025 by Draven-Corp. All rights reserved<\/span><\/a><\/div>\n<\/div><\/div>\n\n\n\n<div class=\"guten-element gutenverse-text-editor guten-FIPU7R\"><div class=\"text-content-inner\">\n<p>Lorem ipsum dolor sit amet consectetur adipiscing elit. Ut elit tellus luctus nec ullamcorper mattis pulvinar dapibus leo.<\/p>\n<\/div><\/div>\n<\/div><\/div>\n\n\n\n<div class=\"wp-block-gutenverse-column guten-element guten-column guten-SkdKmZ\"><div class=\"guten-column-wrapper\" data-id=\"SkdKmZ\">\n<div class=\"guten-element guten-social-icons guten-sxvDYV circle horizontal fill\">\n<div class=\"guten-element guten-social-icon guten-D6s72K facebook\"><a id=\"guten-D6s72K\" href=\"#\"><i class=\"fab fa-facebook\"><\/i><\/a><\/div>\n\n\n\n<div class=\"guten-element guten-social-icon guten-pG1KRe twitter\"><a id=\"guten-pG1KRe\" href=\"#\"><i class=\"fab fa-x-twitter\"><\/i><\/a><\/div>\n\n\n\n<div class=\"guten-element guten-social-icon guten-oWvf5l instagram\"><a id=\"guten-oWvf5l\" href=\"#\"><i class=\"fab fa-instagram\"><\/i><\/a><\/div>\n\n\n\n<div class=\"guten-element guten-social-icon guten-QoAczD youtube\"><a id=\"guten-QoAczD\" href=\"#\"><i class=\"fab fa-youtube\"><\/i><\/a><\/div>\n<\/div>\n<\/div><\/div>\n<\/div><\/section><\/div>\n<\/div><\/div>\n<\/div><\/section><\/div>\n","protected":false},"excerpt":{"rendered":"","protected":false},"author":1,"featured_media":0,"parent":0,"menu_order":0,"comment_status":"closed","ping_status":"closed","template":"blank-canvas","meta":{"footnotes":""},"class_list":["post-13","page","type-page","status-publish","hentry"],"_links":{"self":[{"href":"https:\/\/draven-corp.fr\/index.php?rest_route=\/wp\/v2\/pages\/13","targetHints":{"allow":["GET"]}}],"collection":[{"href":"https:\/\/draven-corp.fr\/index.php?rest_route=\/wp\/v2\/pages"}],"about":[{"href":"https:\/\/draven-corp.fr\/index.php?rest_route=\/wp\/v2\/types\/page"}],"author":[{"embeddable":true,"href":"https:\/\/draven-corp.fr\/index.php?rest_route=\/wp\/v2\/users\/1"}],"replies":[{"embeddable":true,"href":"https:\/\/draven-corp.fr\/index.php?rest_route=%2Fwp%2Fv2%2Fcomments&post=13"}],"version-history":[{"count":0,"href":"https:\/\/draven-corp.fr\/index.php?rest_route=\/wp\/v2\/pages\/13\/revisions"}],"wp:attachment":[{"href":"https:\/\/draven-corp.fr\/index.php?rest_route=%2Fwp%2Fv2%2Fmedia&parent=13"}],"curies":[{"name":"wp","href":"https:\/\/api.w.org\/{rel}","templated":true}]}}